{"id":733,"date":"2021-01-27T19:40:31","date_gmt":"2021-01-27T18:40:31","guid":{"rendered":"http:\/\/jurioffice.fr\/?page_id=733"},"modified":"2021-03-09T16:25:46","modified_gmt":"2021-03-09T15:25:46","slug":"cookies","status":"publish","type":"page","link":"https:\/\/jurioffice.fr\/?page_id=733","title":{"rendered":"cookies"},"content":{"rendered":"\n<p>Politique de gestion des cookies<\/p>\n\n\n\n<p>Nous utilisons les cookies pour personnaliser le contenu et pour vous offrir une meilleure exp\u00e9rience utilisateur. En utilisant ce site Web ou cette application, vous consentez au d\u00e9ploiement de cookies. Vous pouvez contr\u00f4ler et g\u00e9rer les cookies \u00e0 l\u2019aide de votre navigateur (voir ci-dessous). Veuillez noter que la suppression ou le blocage des cookies peut avoir un impact sur votre exp\u00e9rience utilisateur et que certaines fonctionnalit\u00e9s peuvent ne plus \u00eatre disponibles.<\/p>\n\n\n\n<p>Qu\u2019est-ce qu\u2019un cookie ?<\/p>\n\n\n\n<p>Un cookie est un petit fichier texte envoy\u00e9 au navigateur de l\u2019Utilisateur par le site internet consult\u00e9, et stock\u00e9 dans son \u00e9quipement terminal. Les cookies permettent au site internet consult\u00e9 de recueillir des informations relatives \u00e0 la visite de l\u2019Utilisateur, telles que le parcours sur le site ou la langue de pr\u00e9f\u00e9rence, afin d\u2019am\u00e9liorer son exp\u00e9rience de navigation ainsi que le contenu et les fonctionnalit\u00e9s du site internet.<\/p>\n\n\n\n<p>Il existe diff\u00e9rents types de cookies :<\/p>\n\n\n\n<p>Des cookies de session qui disparaissent d\u00e8s que l\u2019Utilisateur quitte le site ;<br>Des cookies permanents qui demeurent sur le terminal de l\u2019Utilisateur jusqu\u2019\u00e0 expiration de leur dur\u00e9e de vie ou jusqu\u2019\u00e0 ce que l\u2019Utilisateur les supprime \u00e0 l\u2019aide des fonctionnalit\u00e9s de son navigateur.<br>L\u2019Utilisateur est inform\u00e9 que, lors de ses visites sur le Site, des cookies peuvent \u00eatre install\u00e9s sur son \u00e9quipement terminal.<\/p>\n\n\n\n<p>Sachez que vous pouvez toutefois vous opposer au d\u00e9p\u00f4t de cookies en acc\u00e9dant directement aux param\u00e8tres de votre navigateur.<\/p>\n\n\n\n<p>Quels sont les cookies pr\u00e9sents sur le Site ?<\/p>\n\n\n\n<p>Les cookies de mesure d\u2019audience :<br>En vue d\u2019adapter le Site aux demandes de ses Utilisateurs, le Site mesure le nombre de visites, le nombre de pages vues ainsi que de l\u2019activit\u00e9 des Utilisateurs sur le Site et leur fr\u00e9quence de retour.<\/p>\n\n\n\n<p>A cet effet, nous utilisons Google Analytics, l\u2019outil de statistiques d\u00e9velopp\u00e9 par Google, qui g\u00e9n\u00e8re un cookie avec un identifiant unique, dont la dur\u00e9e de conservation est limit\u00e9e \u00e0 6 mois.<\/p>\n\n\n\n<p>Pour plus d\u2019informations, nous invitons les Utilisateurs \u00e0 consulter la page \u201cProtection de vos donn\u00e9es\u201d de Google \u00e0 l\u2019adresse suivante: https:\/\/support.google.com\/analytics\/answer\/6004245<\/p>\n\n\n\n<p>La dur\u00e9e maximale de conservation des cookies est de 13 mois.<\/p>\n\n\n\n<p>Les cookies des r\u00e9seaux sociaux :<br>Des \u00ab plug-ins \u00bb sociaux permettent \u00e0 l\u2019Utilisateur d\u2019acc\u00e9der aux pages du Cabinet sur les r\u00e9seaux sociaux.<\/p>\n\n\n\n<p>Consentement<\/p>\n\n\n\n<p>L\u2019utilisation de ce type de cookies n\u00e9cessite le consentement de l\u2019utilisateur qu\u2019il pourra donner en cliquant sur le message d\u2019information apparaissant \u00e0 cet effet.<br>Vous avez \u00e9galement la possibilit\u00e9 de g\u00e9rer les cookies utilis\u00e9s sur le site en param\u00e9trant votre navigateur (voir ci-dessous).<br>Comment l\u2019Utilisateur peut accepter, refuser ou supprimer les cookies dans son navigateur ?<\/p>\n\n\n\n<p>L\u2019Utilisateur peut \u00e0 tout moment choisir de d\u00e9sactiver les cookies du Site.<\/p>\n\n\n\n<p>La proc\u00e9dure \u00e0 suivre pour que le navigateur refuse les cookies pr\u00e9cit\u00e9s est la suivante :<\/p>\n\n\n\n<p>Si vous utilisez le navigateur Internet Explorer :<\/p>\n\n\n\n<p>Pour param\u00e9trer les cookies :<\/p>\n\n\n\n<p>Une fois Internet Explorer ouvert, cliquez sur le bouton Outils,puis sur Options Internet.<br>Cliquez sur l\u2019onglet Confidentialit\u00e9, faites glisser le curseur au niveau de confidentialit\u00e9 de votre choix, puis cliquez sur<br>Au fur et \u00e0 mesure que vous d\u00e9placez le curseur, Internet Explorer fournit une description des types de cookies qui sont bloqu\u00e9s ou autoris\u00e9s \u00e0 ce niveau de confidentialit\u00e9.<br>Le fait de bloquer les cookies peut emp\u00eacher certaines pages web de s\u2019afficher correctement.<br>Pour plus d\u2019informations, nous invitons les Utilisateurs \u00e0 consulter la page suivante : http:\/\/windows.microsoft.com\/fr-FR\/windows-vista\/Block-or-allow-cookies<\/p>\n\n\n\n<p>Pour supprimer les cookies :<\/p>\n\n\n\n<p>Une fois Internet Explorer ouvert, cliquez sur le bouton Outils, puis cliquez sur Supprimer l\u2019historique de navigation.<br>Activez la case \u00e0 cocher Cookies et donn\u00e9es de sites Web, puis cliquez sur Supprimer.<br>Si vous utilisez le navigateur Firefox :<\/p>\n\n\n\n<p>Pour param\u00e9trer les cookies :<\/p>\n\n\n\n<p>Une fois Firefox ouvert, cliquez sur le bouton Outils,puis sur<br>Dans l\u2019onglet Vie Priv\u00e9e, d\u00e9roulez le menu R\u00e8gles de Conservationet s\u00e9lectionnez Utiliser les param\u00e8tres personnalis\u00e9s pour l\u2019historique.<br>Cochez la case Accepter les cookiespour activer les cookies et d\u00e9cochez-la pour les d\u00e9sactiver.<br>Choisissez la dur\u00e9e de conservation des cookies :<br>Les conserver jusqu\u2019\u00e0 : leur expiration : Chaque cookie sera supprim\u00e9 quand il aura atteint sa date d\u2019expiration qui est d\u00e9termin\u00e9e par le site qui envoie le cookie.<\/p>\n\n\n\n<p>Les conserver jusqu\u2019\u00e0 : la fermeture de Firefox : Les cookies qui sont stock\u00e9s sur votre ordinateur seront supprim\u00e9s \u00e0 la fermeture de Firefox.<\/p>\n\n\n\n<p>Les conserver jusqu\u2019\u00e0 : me demander \u00e0 chaque fois : Affiche une alerte chaque fois qu\u2019un site web essaie d\u2019envoyer un cookie pour demander votre autorisation.<\/p>\n\n\n\n<p>Pour plus d\u2019informations, nous invitons les Utilisateurs \u00e0 consulter la page suivante : https:\/\/support.mozilla.org\/fr\/kb\/activer-desactiver-cookies<\/p>\n\n\n\n<p>Pour supprimer les cookies :<\/p>\n\n\n\n<p>Une fois Firefox ouvert, cliquez sur le bouton Outils,puis sur<br>Dans l\u2019onglet Vie Priv\u00e9e, cliquez sur Effacez votre historique r\u00e9cent, cochez la case Cookies, puis cliquez sur Effacer maintenant.<br>Si vous utilisez le navigateur Safari :<\/p>\n\n\n\n<p>Pour param\u00e9trer les cookies :<\/p>\n\n\n\n<p>Lancez votre navigateur Safari. Cliquez sur le menu Safari, puis s\u00e9lectionnez Pr\u00e9f\u00e9rences.<br>Dans la fen\u00eatre Pr\u00e9f\u00e9rences, s\u00e9lectionnez l\u2019onglet S\u00e9curit\u00e9.<br>Dans la zone Accepter les cookies, cochez la case correspondant au param\u00e9trage des cookies que vous souhaitez.<br>Pour supprimer les cookies :<\/p>\n\n\n\n<p>Lancez votre navigateur Safari. Cliquez sur le menu Safaripuis s\u00e9lectionnez R\u00e9initialiser Safari.<br>Dans la nouvelle fen\u00eatre qui appara\u00eet, cochez la case Supprimer tous les cookies.<br>Cliquez sur le bouton R\u00e9initialiserpour appliquer l\u2019effacement des informations.<br>Si vous utilisez le navigateur Google Chrome :<\/p>\n\n\n\n<p>Pour param\u00e9trer les cookies :<\/p>\n\n\n\n<p>Cliquez sur le menu Chromedans la barre d\u2019outils du navigateur.<br>S\u00e9lectionnez Param\u00e8tres.<br>Cliquez sur Afficher les param\u00e8tres avanc\u00e9s.<br>Dans la section \u201cConfidentialit\u00e9\u201c, cliquez sur le bouton Param\u00e8tres de contenu.<br>Dans la section \u201cCookies\u201d, vous pouvez modifier les param\u00e8tres suivants :<br>Bloquer les cookies par d\u00e9faut<br>Autoriser les cookies par d\u00e9faut<br>Conserver les cookies et les donn\u00e9es de site par d\u00e9faut jusqu\u2019\u00e0 la fermeture du navigateur<br>D\u00e9finir des exceptions pour les cookies de certains sites Web ou domaines.<br>Pour supprimer les cookies :<\/p>\n\n\n\n<p>Cliquez sur le menu Chromedans la barre d\u2019outils du navigateur.<br>S\u00e9lectionnez Param\u00e8tres.<br>Cliquez sur Afficher les param\u00e8tres avanc\u00e9s.<br>Dans la section \u201cConfidentialit\u00e9\u201c, cliquez sur le bouton Param\u00e8tres de contenu.<br>Dans la section \u201cCookies\u201d, vous pouvez supprimer les cookies:<br>Cliquez sur Cookies et donn\u00e9es de sitepour ouvrir la bo\u00eete de dialogue \u201cCookies et donn\u00e9es de site\u201d.<br>Pour supprimer tous les cookies, cliquez sur Tout supprimeren bas de la bo\u00eete de dialogue.<br>Pour supprimer un cookie sp\u00e9cifique, passez la souris sur le site ayant cr\u00e9\u00e9 le cookie, puis cliquez sur X dans l\u2019angle droit.<br>Pour plus d\u2019informations, nous invitons les Utilisateurs \u00e0 consulter la page suivante: https:\/\/support.google.com\/chrome\/answer\/95647?hl=fr<\/p>\n\n\n\n<p>Si vous utilisez le navigateur Opera :<\/p>\n\n\n\n<p>Nous invitons les Utilisateurs \u00e0 consulter la page explicative suivante : http:\/\/help.opera.com\/Windows\/10.20\/fr\/cookies.html<\/p>\n","protected":false},"excerpt":{"rendered":"<p>Politique de gestion des cookies Nous utilisons les cookies pour personnaliser le contenu et pour vous offrir une meilleure exp\u00e9rience utilisateur. En utilisant ce site Web ou cette application, vous consentez au d\u00e9ploiement de cookies. Vous pouvez contr\u00f4ler et g\u00e9rer les cookies \u00e0 l\u2019aide de votre navigateur (voir ci-dessous). Veuillez noter que la suppression ou [&hellip;]<\/p>\n","protected":false},"author":1,"featured_media":0,"parent":0,"menu_order":0,"comment_status":"closed","ping_status":"closed","template":"","meta":[],"_links":{"self":[{"href":"https:\/\/jurioffice.fr\/index.php?rest_route=\/wp\/v2\/pages\/733"}],"collection":[{"href":"https:\/\/jurioffice.fr\/index.php?rest_route=\/wp\/v2\/pages"}],"about":[{"href":"https:\/\/jurioffice.fr\/index.php?rest_route=\/wp\/v2\/types\/page"}],"author":[{"embeddable":true,"href":"https:\/\/jurioffice.fr\/index.php?rest_route=\/wp\/v2\/users\/1"}],"replies":[{"embeddable":true,"href":"https:\/\/jurioffice.fr\/index.php?rest_route=%2Fwp%2Fv2%2Fcomments&post=733"}],"version-history":[{"count":2,"href":"https:\/\/jurioffice.fr\/index.php?rest_route=\/wp\/v2\/pages\/733\/revisions"}],"predecessor-version":[{"id":824,"href":"https:\/\/jurioffice.fr\/index.php?rest_route=\/wp\/v2\/pages\/733\/revisions\/824"}],"wp:attachment":[{"href":"https:\/\/jurioffice.fr\/index.php?rest_route=%2Fwp%2Fv2%2Fmedia&parent=733"}],"curies":[{"name":"wp","href":"https:\/\/api.w.org\/{rel}","templated":true}]}}