{"id":732,"date":"2021-01-27T19:40:31","date_gmt":"2021-01-27T18:40:31","guid":{"rendered":"http:\/\/jurioffice.fr\/?page_id=732"},"modified":"2021-03-09T16:25:22","modified_gmt":"2021-03-09T15:25:22","slug":"mentions-legales","status":"publish","type":"page","link":"https:\/\/jurioffice.fr\/?page_id=732","title":{"rendered":"mentions l\u00e9gales"},"content":{"rendered":"\n<p>Le site jurioffice.fr est \u00e9dit\u00e9 par JuriOffice SAS<\/p>\n\n\n\n<p>Soci\u00e9t\u00e9 par actions simplifi\u00e9e, 27 rue des Meuniers &#8211; 75012 PARIS (France),<\/p>\n\n\n\n<p>SIRET n\u00b0 893&nbsp;528&nbsp;752 00015<\/p>\n\n\n\n<p>TVA intracommunautaire n\u00b0 en cours d&#8217;attribution<\/p>\n\n\n\n<p>Activit\u00e9s juridiques \u2013 Code NAF : 6910Z<\/p>\n\n\n\n<p>Contact :<\/p>\n\n\n\n<p>T\u00e9l\u00e9phone: 06.50.67.39.93<br>Adresse de courrier \u00e9lectronique : contact@jurioffice.fr<\/p>\n\n\n\n<p>Directeurs de la publication :<\/p>\n\n\n\n<p>Madame PARUELLE<\/p>\n\n\n\n<p>H\u00e9bergement<\/p>\n\n\n\n<p>OVH<br>2 rue Kellermann<br>59100 Roubaix \u2013 France<\/p>\n\n\n\n<p>Propri\u00e9t\u00e9 intellectuelle<\/p>\n\n\n\n<p>L\u2019internaute s\u2019engage \u00e0 respecter le droit de propri\u00e9t\u00e9 intellectuelle du Site ainsi que son contenu, quelle qu\u2019en soit la nature.<br>En particulier, l\u2019internaute s\u2019interdit toute reproduction ou toute repr\u00e9sentation du Site, par quelque moyen et sous quelque forme que ce soit, sans l\u2019autorisation expresse et pr\u00e9alable de la SAS JURIOFFICE.<\/p>\n\n\n\n<p>Les bases de donn\u00e9es figurant sur le site sont prot\u00e9g\u00e9es par les articles L.341-1 et suivants du Code de la propri\u00e9t\u00e9 intellectuelle et est sanctionn\u00e9e toute extraction ou r\u00e9utilisation qualitativement ou quantitativement substantielle du contenu des bases de donn\u00e9es.<\/p>\n\n\n\n<p>Informatique et libert\u00e9<\/p>\n\n\n\n<p>Conform\u00e9ment \u00e0 la Loi n\u00b078-17 du 6 Janvier 1978 relative \u00e0 l\u2019informatique, aux fichiers et aux libert\u00e9s, les donn\u00e9es personnelles collect\u00e9es (nom, pr\u00e9nom, soci\u00e9t\u00e9, adresse email, t\u00e9l\u00e9phone) lorsque vous nous adressez un message sont conserv\u00e9s pour leur traitement et pendant la dur\u00e9e n\u00e9cessaire \u00e0 leur traitement.<\/p>\n\n\n\n<p>Les adresses IP des Utilisateurs sont conserv\u00e9es par aux seules fins d\u2019examiner les \u00e9ventuels dysfonctionnements du Site, d\u2019assurer la s\u00e9curit\u00e9 du Site et\/ou des serveurs sur lesquels il est h\u00e9berg\u00e9 et de proc\u00e9der \u00e0 des calculs statistiques anonymis\u00e9s.<\/p>\n\n\n\n<p>Les Donn\u00e9es \u00e0 Caract\u00e8re Personnel collect\u00e9es et trait\u00e9es au moyen du Site ne sont ni c\u00e9d\u00e9es, ni lou\u00e9es \u00e0 des tiers, que ce soit \u00e0 titre gratuit ou on\u00e9reux.<\/p>\n\n\n\n<p>Les Donn\u00e9es \u00e0 Caract\u00e8re Personnel collect\u00e9es sont h\u00e9berg\u00e9es au si\u00e8ge social et ne sont trait\u00e9es pour les besoins de l\u2019ex\u00e9cution de la prestation de service confi\u00e9e ou pour les besoins de la communication. Elles ne font l\u2019objet d\u2019aucun transfert dans un Etat tiers sans l\u2019accord pr\u00e9alable de l\u2019Utilisateur.<\/p>\n\n\n\n<p>Chaque Utilisateur justifiant de son identit\u00e9 a le droit de demander \u00e0 la soci\u00e9t\u00e9 :<\/p>\n\n\n\n<p>la confirmation que des Donn\u00e9es \u00e0 Caract\u00e8re Personnel le concernant font ou ne font pas l\u2019objet d\u2019un traitement par ou pour le compte de la soci\u00e9t\u00e9 ;<br>des informations relatives aux finalit\u00e9s du ou des traitements, aux cat\u00e9gories de Donn\u00e9es \u00e0 Caract\u00e8re Personnel trait\u00e9es et aux destinataires de ces donn\u00e9es au sein de la soci\u00e9t\u00e9 ;<br>la communication, sous une forme compr\u00e9hensible pour l\u2019Utilisateur, des Donn\u00e9es \u00e0 Caract\u00e8re Personnel qui le concernent ainsi que de toute information disponible quant \u00e0 l\u2019origine de celles-ci. Une copie des Donn\u00e9es \u00e0 Caract\u00e8re Personnel est d\u00e9livr\u00e9e gratuitement \u00e0 l\u2019Utilisateur, sous r\u00e9serve qu\u2019une telle demande ne soit pas manifestement abusive, notamment par son caract\u00e8re r\u00e9p\u00e9titif ou syst\u00e9matique.<br>Chaque Utilisateur justifiant de son identit\u00e9 peut exiger que soient, selon les cas, rectifi\u00e9es, compl\u00e9t\u00e9es, mises \u00e0 jour ou effac\u00e9es les Donn\u00e9es \u00e0 Caract\u00e8re Personnel le concernant, qui sont inexactes, incompl\u00e8tes, \u00e9quivoques, p\u00e9rim\u00e9es, ou dont l\u2019utilisation ou la conservation serait interdite.<\/p>\n\n\n\n<p>Les droits d\u2019acc\u00e8s et de rectification s\u2019exercent par le simple envoi d\u2019un message \u00e9lectronique \u00e0 l&#8217;adresse figurant dans la rubrique contact (contact@jurioffice.fr)<\/p>\n","protected":false},"excerpt":{"rendered":"<p>Le site jurioffice.fr est \u00e9dit\u00e9 par JuriOffice SAS Soci\u00e9t\u00e9 par actions simplifi\u00e9e, 27 rue des Meuniers &#8211; 75012 PARIS (France), SIRET n\u00b0 893&nbsp;528&nbsp;752 00015 TVA intracommunautaire n\u00b0 en cours d&#8217;attribution Activit\u00e9s juridiques \u2013 Code NAF : 6910Z Contact : T\u00e9l\u00e9phone: 06.50.67.39.93Adresse de courrier \u00e9lectronique : contact@jurioffice.fr Directeurs de la publication : Madame PARUELLE H\u00e9bergement OVH2 [&hellip;]<\/p>\n","protected":false},"author":1,"featured_media":0,"parent":0,"menu_order":0,"comment_status":"closed","ping_status":"closed","template":"","meta":[],"_links":{"self":[{"href":"https:\/\/jurioffice.fr\/index.php?rest_route=\/wp\/v2\/pages\/732"}],"collection":[{"href":"https:\/\/jurioffice.fr\/index.php?rest_route=\/wp\/v2\/pages"}],"about":[{"href":"https:\/\/jurioffice.fr\/index.php?rest_route=\/wp\/v2\/types\/page"}],"author":[{"embeddable":true,"href":"https:\/\/jurioffice.fr\/index.php?rest_route=\/wp\/v2\/users\/1"}],"replies":[{"embeddable":true,"href":"https:\/\/jurioffice.fr\/index.php?rest_route=%2Fwp%2Fv2%2Fcomments&post=732"}],"version-history":[{"count":4,"href":"https:\/\/jurioffice.fr\/index.php?rest_route=\/wp\/v2\/pages\/732\/revisions"}],"predecessor-version":[{"id":925,"href":"https:\/\/jurioffice.fr\/index.php?rest_route=\/wp\/v2\/pages\/732\/revisions\/925"}],"wp:attachment":[{"href":"https:\/\/jurioffice.fr\/index.php?rest_route=%2Fwp%2Fv2%2Fmedia&parent=732"}],"curies":[{"name":"wp","href":"https:\/\/api.w.org\/{rel}","templated":true}]}}