{"id":687,"date":"2021-01-23T16:37:00","date_gmt":"2021-01-23T15:37:00","guid":{"rendered":"http:\/\/jurioffice.fr\/?page_id=687"},"modified":"2021-03-09T16:32:23","modified_gmt":"2021-03-09T15:32:23","slug":"tarifs","status":"publish","type":"page","link":"https:\/\/jurioffice.fr\/?page_id=687","title":{"rendered":"Tarifs"},"content":{"rendered":"\n<p style=\"font-size:25px\"><span style=\"color:#848d62\" class=\"has-inline-color\">Les prestations sont r\u00e9alis\u00e9es apr\u00e8s acceptation du devis , \u00e9tabli gratuitement et sans engagement, dans un souci d\u2019adaptabilit\u00e9 optimale \u00e0 votre demande<\/span><\/p>\n\n\n\n<div style=\"height:20px\" aria-hidden=\"true\" class=\"wp-block-spacer\"><\/div>\n\n\n\n<p style=\"font-size:18px\"><span class=\"has-inline-color has-black-color\"><em>Quelques exemples, \u00e0 titre indicatif (Les tarifs s&#8217;entendent hors frais de greffe et d&#8217;annonce l\u00e9gale \u00e9ventuels)<\/em> <\/span><\/p>\n\n\n\n<div style=\"height:34px\" aria-hidden=\"true\" class=\"wp-block-spacer\"><\/div>\n\n\n\n<p style=\"font-size:18px\"><span class=\"has-inline-color has-black-color\">Transfert de si\u00e8ge&nbsp;: \u00e0 partir de 250 \u20ac HT<\/span><\/p>\n\n\n\n<p style=\"font-size:18px\"><span class=\"has-inline-color has-black-color\">Approbation des comptes&nbsp;: \u00e0 partir de 300\u20ac HT<\/span><\/p>\n\n\n\n<p style=\"font-size:18px\"><span class=\"has-inline-color has-black-color\">Dissolution&nbsp;: \u00e0 partir de 300 \u20ac HT<\/span><\/p>\n\n\n\n<p style=\"font-size:18px\"><span class=\"has-inline-color has-black-color\">Changement Dirigeant&nbsp;: \u00e0 partir de 250 \u20ac HT<\/span><\/p>\n\n\n\n<div style=\"height:20px\" aria-hidden=\"true\" class=\"wp-block-spacer\"><\/div>\n\n\n\n<p style=\"font-size:18px\"><span class=\"has-inline-color has-black-color\">Formalit\u00e9s et suivi&nbsp;: \u00e0 partir de 100 \u20ac HT<\/span><\/p>\n","protected":false},"excerpt":{"rendered":"<p>Les prestations sont r\u00e9alis\u00e9es apr\u00e8s acceptation du devis , \u00e9tabli gratuitement et sans engagement, dans un souci d\u2019adaptabilit\u00e9 optimale \u00e0 votre demande Quelques exemples, \u00e0 titre indicatif (Les tarifs s&#8217;entendent hors frais de greffe et d&#8217;annonce l\u00e9gale \u00e9ventuels) Transfert de si\u00e8ge&nbsp;: \u00e0 partir de 250 \u20ac HT Approbation des comptes&nbsp;: \u00e0 partir de 300\u20ac HT [&hellip;]<\/p>\n","protected":false},"author":1,"featured_media":0,"parent":0,"menu_order":0,"comment_status":"closed","ping_status":"closed","template":"","meta":[],"_links":{"self":[{"href":"https:\/\/jurioffice.fr\/index.php?rest_route=\/wp\/v2\/pages\/687"}],"collection":[{"href":"https:\/\/jurioffice.fr\/index.php?rest_route=\/wp\/v2\/pages"}],"about":[{"href":"https:\/\/jurioffice.fr\/index.php?rest_route=\/wp\/v2\/types\/page"}],"author":[{"embeddable":true,"href":"https:\/\/jurioffice.fr\/index.php?rest_route=\/wp\/v2\/users\/1"}],"replies":[{"embeddable":true,"href":"https:\/\/jurioffice.fr\/index.php?rest_route=%2Fwp%2Fv2%2Fcomments&post=687"}],"version-history":[{"count":9,"href":"https:\/\/jurioffice.fr\/index.php?rest_route=\/wp\/v2\/pages\/687\/revisions"}],"predecessor-version":[{"id":928,"href":"https:\/\/jurioffice.fr\/index.php?rest_route=\/wp\/v2\/pages\/687\/revisions\/928"}],"wp:attachment":[{"href":"https:\/\/jurioffice.fr\/index.php?rest_route=%2Fwp%2Fv2%2Fmedia&parent=687"}],"curies":[{"name":"wp","href":"https:\/\/api.w.org\/{rel}","templated":true}]}}